{"id":6,"date":"2015-09-10T12:50:58","date_gmt":"2015-09-10T09:50:58","guid":{"rendered":"http:\/\/tarkista.wordpress.com\/?page_id=1"},"modified":"2015-10-14T21:05:24","modified_gmt":"2015-10-14T18:05:24","slug":"tietoja","status":"publish","type":"page","link":"https:\/\/hammaslaakarijuulia.fi\/wordpress\/","title":{"rendered":"Yksityinen hammasl\u00e4\u00e4k\u00e4ri Keuruulla"},"content":{"rendered":"<p>Hammasl\u00e4\u00e4k\u00e4ri Juulia Voronova on kotiutunut Keuruulle ja palvelee asiakkaita ammattitaidolla, huolellisesti ja rauhallisesti. Vastaanotto sijaitsee Keuruun keskustassa. Tilat ovat samat, joissa hammasl\u00e4\u00e4k\u00e4ri Riitta Ryyn\u00e4nen on palvellut asiakkaitaan aikaisemmin.<\/p>\n<p>Hammasl\u00e4\u00e4k\u00e4ri Juulia Voronova on Suomessa laillistettu hammasl\u00e4\u00e4ketieteeen lisensiaatti ja h\u00e4nell\u00e4 on pitk\u00e4aikainen k\u00e4yt\u00e4nn\u00f6n kokemus hammasl\u00e4\u00e4k\u00e4rin ty\u00f6st\u00e4.<\/p>\n<p>Ty\u00f6ss\u00e4 periaatteena on kokonaishoito yhteisymm\u00e4rryksess\u00e4 asiakkaan kanssa. Suun terveydell\u00e4 on oleellinen vaikutus yleiskuntoon ja jopa syd\u00e4men toimintaan.<\/p>\n","protected":false},"excerpt":{"rendered":"<p>Hammasl\u00e4\u00e4k\u00e4ri Juulia Voronova on kotiutunut Keuruulle ja palvelee asiakkaita ammattitaidolla, huolellisesti ja rauhallisesti. Vastaanotto sijaitsee Keuruun keskustassa. Tilat ovat samat, joissa hammasl\u00e4\u00e4k\u00e4ri Riitta Ryyn\u00e4nen on palvellut asiakkaitaan aikaisemmin. Hammasl\u00e4\u00e4k\u00e4ri Juulia Voronova on Suomessa laillistettu hammasl\u00e4\u00e4ketieteeen lisensiaatti ja h\u00e4nell\u00e4 on pitk\u00e4aikainen&hellip;  <\/p>\n<p class=\"more-link\"><a href=\"https:\/\/hammaslaakarijuulia.fi\/wordpress\/\">Lue loppuun <span class=\"meta-nav\">&rarr;<\/span><\/a><\/p>\n","protected":false},"author":1,"featured_media":0,"parent":0,"menu_order":0,"comment_status":"closed","ping_status":"closed","template":"","meta":{"footnotes":""},"class_list":["post-6","page","type-page","status-publish","hentry"],"_links":{"self":[{"href":"https:\/\/hammaslaakarijuulia.fi\/wordpress\/wp-json\/wp\/v2\/pages\/6","targetHints":{"allow":["GET"]}}],"collection":[{"href":"https:\/\/hammaslaakarijuulia.fi\/wordpress\/wp-json\/wp\/v2\/pages"}],"about":[{"href":"https:\/\/hammaslaakarijuulia.fi\/wordpress\/wp-json\/wp\/v2\/types\/page"}],"author":[{"embeddable":true,"href":"https:\/\/hammaslaakarijuulia.fi\/wordpress\/wp-json\/wp\/v2\/users\/1"}],"replies":[{"embeddable":true,"href":"https:\/\/hammaslaakarijuulia.fi\/wordpress\/wp-json\/wp\/v2\/comments?post=6"}],"version-history":[{"count":2,"href":"https:\/\/hammaslaakarijuulia.fi\/wordpress\/wp-json\/wp\/v2\/pages\/6\/revisions"}],"predecessor-version":[{"id":67,"href":"https:\/\/hammaslaakarijuulia.fi\/wordpress\/wp-json\/wp\/v2\/pages\/6\/revisions\/67"}],"wp:attachment":[{"href":"https:\/\/hammaslaakarijuulia.fi\/wordpress\/wp-json\/wp\/v2\/media?parent=6"}],"curies":[{"name":"wp","href":"https:\/\/api.w.org\/{rel}","templated":true}]}}